{"id":18,"date":"2014-02-05T12:41:49","date_gmt":"2014-02-05T17:41:49","guid":{"rendered":"https:\/\/gracilarias.org\/?page_id=18"},"modified":"2023-02-15T21:06:47","modified_gmt":"2023-02-16T02:06:47","slug":"equipo","status":"publish","type":"page","link":"https:\/\/gracilarias.org\/en\/quienes-somos\/equipo\/","title":{"rendered":"Members"},"content":{"rendered":"\t\t<div data-elementor-type=\"wp-page\" data-elementor-id=\"18\" class=\"elementor elementor-18\">\n\t\t\t\t\t\t<section class=\"elementor-section elementor-top-section elementor-element elementor-element-69777f69 elementor-section-boxed elementor-section-height-default elementor-section-height-default\" data-id=\"69777f69\" data-element_type=\"section\" data-e-type=\"section\">\n\t\t\t\t\t\t<div class=\"elementor-container elementor-column-gap-default\">\n\t\t\t\t\t<div class=\"elementor-column elementor-col-100 elementor-top-column elementor-element elementor-element-171d3360\" data-id=\"171d3360\" data-element_type=\"column\" data-e-type=\"column\">\n\t\t\t<div class=\"elementor-widget-wrap elementor-element-populated\">\n\t\t\t\t\t\t<div class=\"elementor-element elementor-element-67279314 elementor-widget elementor-widget-text-editor\" data-id=\"67279314\" data-element_type=\"widget\" data-e-type=\"widget\" data-widget_type=\"text-editor.default\">\n\t\t\t\t<div class=\"elementor-widget-container\">\n\t\t\t\t\t\t\t\t\t<p>\u00a0<\/p><div>Junto a la Doctora Gloria Batista de Vega, participan en este proyecto Jos\u00e9 Francisco Vega A. y \u00a0Ra\u00fal Yee.<\/div><div>\u00a0<\/div><div>En el a\u00f1o 2005 cuando Samuel y Guillermo Liberman, conocieron la actividad llevada a cabo por Gracilarias de Panam\u00e1 a favor de la investigaci\u00f3n cient\u00edfica y la conservaci\u00f3n ambiental, decidieron ser parte activa del proyecto. La familia Liberman invirti\u00f3 durante casi dos d\u00e9cadas en la operaci\u00f3n de Gracilarias fomentando la investigaci\u00f3n cient\u00edfica con algas marinas en el laboratorio y la protecci\u00f3n de los ecosistemas de manglares y arrecifes de corales del Caribe paname\u00f1o.<\/div><div>\u00a0<\/div><div>Guillermo Liberman a trav\u00e9s de\u00a0<a href=\"https:\/\/www.globalsli.com\/#rsc\" title=\"Global SLI\" target=\"_blank\" rel=\"noopener\">Global SLI<\/a>, desde 2022 apoya proyectos espec\u00edficos de Gracilarias. El proyecto m\u00e1s novedoso y reciente ha sido la publicaci\u00f3n del\u00a0<a href=\"https:\/\/www.algasdelcaribedepanama.org\/\" title=\"?Atlas De Las Macroalgas Del Caribe Paname\u00f1o, Su Autofluorescencia Y Usos?\" target=\"_blank\" rel=\"noopener\">\u201cAtlas de las Macroalgas del Caribe paname\u00f1o, su autofluorescencia y usos\u201d<\/a>.<\/div><div>\u00a0<\/div><div>El equipo de Gracilarias mantiene la visi\u00f3n y el deseo de fomentar el desarrollo humano a trav\u00e9s de proyectos innovadores para las industrias \u00a0y amigables con el medio ambiente.\u00a0<\/div><h2>\u00a0<\/h2><p><\/p>\t\t\t\t\t\t\t\t<\/div>\n\t\t\t\t<\/div>\n\t\t\t\t\t<\/div>\n\t\t<\/div>\n\t\t\t\t\t<\/div>\n\t\t<\/section>\n\t\t\t\t<\/div>\n\t\t","protected":false},"excerpt":{"rendered":"<p>\u00a0 Apart from Dr Gloria Batista de Vega, the other participants in this project are Jos\u00e9 Francisco Vega and Ra\u00fal Yee.\u00a0In 2005 Samuel and Guillermo Liberman learned of the activity carried out by Gracilarias de Panam\u00e1 in favor of scientific research and environmental conservation and decided to be an active part of the project. The&hellip;<\/p>\n<p class=\"more-link-p\"><a class=\"btn btn-primary\" href=\"https:\/\/gracilarias.org\/en\/quienes-somos\/equipo\/\">Read more &rarr;<\/a><\/p>\n","protected":false},"author":2,"featured_media":0,"parent":13,"menu_order":4,"comment_status":"closed","ping_status":"closed","template":"","meta":{"footnotes":""},"class_list":["post-18","page","type-page","status-publish","hentry"],"jetpack_sharing_enabled":true,"_links":{"self":[{"href":"https:\/\/gracilarias.org\/en\/wp-json\/wp\/v2\/pages\/18","targetHints":{"allow":["GET"]}}],"collection":[{"href":"https:\/\/gracilarias.org\/en\/wp-json\/wp\/v2\/pages"}],"about":[{"href":"https:\/\/gracilarias.org\/en\/wp-json\/wp\/v2\/types\/page"}],"author":[{"embeddable":true,"href":"https:\/\/gracilarias.org\/en\/wp-json\/wp\/v2\/users\/2"}],"replies":[{"embeddable":true,"href":"https:\/\/gracilarias.org\/en\/wp-json\/wp\/v2\/comments?post=18"}],"version-history":[{"count":2,"href":"https:\/\/gracilarias.org\/en\/wp-json\/wp\/v2\/pages\/18\/revisions"}],"predecessor-version":[{"id":1687,"href":"https:\/\/gracilarias.org\/en\/wp-json\/wp\/v2\/pages\/18\/revisions\/1687"}],"up":[{"embeddable":true,"href":"https:\/\/gracilarias.org\/en\/wp-json\/wp\/v2\/pages\/13"}],"wp:attachment":[{"href":"https:\/\/gracilarias.org\/en\/wp-json\/wp\/v2\/media?parent=18"}],"curies":[{"name":"wp","href":"https:\/\/api.w.org\/{rel}","templated":true}]}}