{"id":26,"date":"2014-02-05T12:42:38","date_gmt":"2014-02-05T17:42:38","guid":{"rendered":"https:\/\/gracilarias.org\/?page_id=26"},"modified":"2021-05-11T04:03:13","modified_gmt":"2021-05-11T09:03:13","slug":"cultivos-de-algas-marinas-in-situ","status":"publish","type":"page","link":"https:\/\/gracilarias.org\/en\/las-algas\/cultivos-de-algas-marinas-in-situ\/","title":{"rendered":"Cultivation of Marine Algae: in situ"},"content":{"rendered":"<p>&nbsp;<\/p>\n<div id=\"metaslider-id-603\" style=\"max-width: 1200px;\" class=\"ml-slider-3-109-0 metaslider metaslider-nivo metaslider-603 ml-slider has-dots-nav ms-theme-default\" role=\"region\" aria-label=\"InSitu\" data-height=\"300\" data-width=\"1200\">\n    <div id=\"metaslider_container_603\">\n        <div class='slider-wrapper theme-default'><div class='ribbon'><\/div><div id='metaslider_603' class='nivoSlider'><img fetchpriority=\"high\" decoding=\"async\" src=\"https:\/\/gracilarias.org\/wp-content\/uploads\/2014\/08\/1insitu.jpg\" height=\"300\" width=\"1200\" alt=\"\" class=\"slider-603 slide-604 msDefaultImage\" \/><img decoding=\"async\" src=\"https:\/\/gracilarias.org\/wp-content\/uploads\/2014\/08\/2insitu.jpg\" height=\"300\" width=\"1200\" alt=\"\" class=\"slider-603 slide-605 msDefaultImage\" \/><img decoding=\"async\" src=\"https:\/\/gracilarias.org\/wp-content\/uploads\/2014\/08\/3insitu.jpg\" height=\"300\" width=\"1200\" alt=\"\" class=\"slider-603 slide-606 msDefaultImage\" \/><img loading=\"lazy\" decoding=\"async\" src=\"https:\/\/gracilarias.org\/wp-content\/uploads\/2014\/08\/14id.jpg\" height=\"300\" width=\"1200\" alt=\"\" class=\"slider-603 slide-709 msDefaultImage\" \/><img loading=\"lazy\" decoding=\"async\" src=\"https:\/\/gracilarias.org\/wp-content\/uploads\/2014\/08\/4insitu.jpg\" height=\"300\" width=\"1200\" alt=\"\" class=\"slider-603 slide-607 msDefaultImage\" \/><img loading=\"lazy\" decoding=\"async\" src=\"https:\/\/gracilarias.org\/wp-content\/uploads\/2014\/08\/5insitu.jpg\" height=\"300\" width=\"1200\" alt=\"\" class=\"slider-603 slide-608 msDefaultImage\" \/><img loading=\"lazy\" decoding=\"async\" src=\"https:\/\/gracilarias.org\/wp-content\/uploads\/2014\/08\/6insitu.jpg\" height=\"300\" width=\"1200\" alt=\"\" class=\"slider-603 slide-609 msDefaultImage\" \/><img loading=\"lazy\" decoding=\"async\" src=\"https:\/\/gracilarias.org\/wp-content\/uploads\/2014\/08\/7insitu.jpg\" height=\"300\" width=\"1200\" alt=\"\" class=\"slider-603 slide-610 msDefaultImage\" \/><img loading=\"lazy\" decoding=\"async\" src=\"https:\/\/gracilarias.org\/wp-content\/uploads\/2014\/09\/PUNTOS-DE-REFERENCIAS-CERCA-DE-LOS-POLIGONOS-VERIFICACION-DE-1200x300.jpg\" height=\"300\" width=\"1200\" alt=\"\" class=\"slider-603 slide-754 msDefaultImage\" \/><\/div><\/div>\n        \n    <\/div>\n<\/div>\n<p>After a number of years studying different environmental parameters in the various coastal areas of the province of Colon, located on Panama\u2019s Caribbean coast, the places where Gracilarias de Panama today carries out its experimental marine farming activities were chosen.<\/p>\n<p>In 2002 Gracilarias de Panama made some experimental studies with what at that time was believed to be the Eucheuma cottoni variety, to verify its cultivation potential and its contribution to preserving the coastal areas.<\/p>\n<p>The Colon coastline has undergone various environmental setbacks due to the country\u2019s maritime development and associated activities. However, the marine algae farms have meant the creation of buffer zones that protect the ecosystems in this area of the Panamanian Caribbean (Batista et al., 2004). They also use methods that are completely environmentally friendly.<\/p>\n<p>The studies carried out in the experimental farms showed that the crop produced enough material for export and also met the expectations of local inhabitants.<\/p>\n<p>Research and experiments completed in 2008 and 2009 in the Biology Department of the University of Las Palmas determined that the species cultivated in Panama by Gracilarias de Panama was Kappaphycus alvarezii (Doty). This was made possible by the use of molecular techniques and phylogenetic analysis of the rbcL gene, commonly accepted in the identification of red algae (Garc\u00eda-Jim\u00e9nez et al., 2008, Robaina, Batista, 2009).<\/p>\n<p><img loading=\"lazy\" decoding=\"async\" class=\"aligncenter size-large wp-image-776\" src=\"https:\/\/gracilarias.org\/wp-content\/uploads\/2014\/02\/CARIBBEAN-COASTAL-ZONE-AT-THE-PC-ENTRANCE--682x1024.jpg\" alt=\"CARIBBEAN COASTAL ZONE AT THE PC ENTRANCE\" width=\"682\" height=\"1024\" srcset=\"https:\/\/gracilarias.org\/wp-content\/uploads\/2014\/02\/CARIBBEAN-COASTAL-ZONE-AT-THE-PC-ENTRANCE--682x1024.jpg 682w, https:\/\/gracilarias.org\/wp-content\/uploads\/2014\/02\/CARIBBEAN-COASTAL-ZONE-AT-THE-PC-ENTRANCE--200x300.jpg 200w, https:\/\/gracilarias.org\/wp-content\/uploads\/2014\/02\/CARIBBEAN-COASTAL-ZONE-AT-THE-PC-ENTRANCE-.jpg 1850w\" sizes=\"(max-width: 682px) 100vw, 682px\" \/><\/p>\n<p><center><strong><a href=\"https:\/\/gracilarias.org\/wp-content\/uploads\/2014\/08\/USO-Y-CULTIVO-DE-MACRO-ALGAS-MARINAS-EN-PANAMA.pdf\" title=\"ACCESS TO ARTICLE BY GLORIA BATISTA \u201cUSE AND CULTIVATION OF MARINE MACROALGE IN PANAMA\u201d \u2013 COLON SCIENCES JOURNALACCESO A ART\u00cdCULO DE GLORIA BATISTA \u201cUSO Y CULTIVO DE MACRO ALGAS MARINAS EN PANAM\u00c1\u201d \u2013 REVISTA COL\u00d3N CIENCIAS\" title=\"ACCESO A ART\u00cdCULO DE GLORIA BATISTA \u201cUSO Y CULTIVO DE MACRO ALGAS MARINAS EN PANAM\u00c1\u201d \u2013 REVISTA COL\u00d3N CIENCIAS\" title=\"Arrow\"><img loading=\"lazy\" decoding=\"async\" class=\"alignnone size-full wp-image-797\" src=\"https:\/\/gracilarias.org\/wp-content\/uploads\/2014\/09\/arrow.png\" alt=\"arrow\" width=\"35\" height=\"36\" \/><\/a><a href=\"https:\/\/gracilarias.org\/wp-content\/uploads\/2014\/08\/USO-Y-CULTIVO-DE-MACRO-ALGAS-MARINAS-EN-PANAMA.pdf\" title=\"ACCESS TO ARTICLE BY GLORIA BATISTA \u201cUSE AND CULTIVATION OF MARINE MACROALGE IN PANAMA\u201d \u2013 COLON SCIENCES JOURNALACCESO A ART\u00cdCULO DE GLORIA BATISTA \u201cUSO Y CULTIVO DE MACRO ALGAS MARINAS EN PANAM\u00c1\u201d \u2013 REVISTA COL\u00d3N CIENCIAS\" title=\"ACCESO A ART\u00cdCULO DE GLORIA BATISTA \u201cUSO Y CULTIVO DE MACRO ALGAS MARINAS EN PANAM\u00c1\u201d \u2013 REVISTA COL\u00d3N CIENCIAS\" title=\"Arrow\" target=\"_blank\" rel=\"noopener noreferrer\">ACCESS TO ARTICLE BY GLORIA BATISTA &#8220;USE AND CULTIVATION OF MARINE MACROALGE IN PANAMA&#8221; &#8211; COLON SCIENCES JOURNALACCESO A ART\u00cdCULO DE GLORIA BATISTA &#8220;USO Y CULTIVO DE MACRO ALGAS MARINAS EN PANAM\u00c1&#8221; &#8211; REVISTA COL\u00d3N CIENCIAS<\/a>\u00a0<a href=\"https:\/\/gracilarias.org\/wp-content\/uploads\/2014\/08\/USO-Y-CULTIVO-DE-MACRO-ALGAS-MARINAS-EN-PANAMA.pdf\" title=\"ACCESS TO ARTICLE BY GLORIA BATISTA \u201cUSE AND CULTIVATION OF MARINE MACROALGE IN PANAMA\u201d \u2013 COLON SCIENCES JOURNALACCESO A ART\u00cdCULO DE GLORIA BATISTA \u201cUSO Y CULTIVO DE MACRO ALGAS MARINAS EN PANAM\u00c1\u201d \u2013 REVISTA COL\u00d3N CIENCIAS\" title=\"ACCESO A ART\u00cdCULO DE GLORIA BATISTA \u201cUSO Y CULTIVO DE MACRO ALGAS MARINAS EN PANAM\u00c1\u201d \u2013 REVISTA COL\u00d3N CIENCIAS\" title=\"Arrow\"><img loading=\"lazy\" decoding=\"async\" class=\"alignnone size-full wp-image-797\" src=\"https:\/\/gracilarias.org\/wp-content\/uploads\/2014\/09\/arrow.png\" alt=\"arrow\" width=\"35\" height=\"36\" \/><\/a><\/strong><\/center><\/p>","protected":false},"excerpt":{"rendered":"<p>&nbsp; After a number of years studying different environmental parameters in the various coastal areas of the province of Colon, located on Panama\u2019s Caribbean coast, the places where Gracilarias de Panama today carries out its experimental marine farming activities were chosen. In 2002 Gracilarias de Panama made some experimental studies with what at that time&hellip;<\/p>\n<p class=\"more-link-p\"><a class=\"btn btn-primary\" href=\"https:\/\/gracilarias.org\/en\/las-algas\/cultivos-de-algas-marinas-in-situ\/\">Read more &rarr;<\/a><\/p>\n","protected":false},"author":2,"featured_media":0,"parent":22,"menu_order":2,"comment_status":"closed","ping_status":"closed","template":"","meta":{"footnotes":""},"class_list":["post-26","page","type-page","status-publish","hentry"],"jetpack_sharing_enabled":true,"_links":{"self":[{"href":"https:\/\/gracilarias.org\/en\/wp-json\/wp\/v2\/pages\/26","targetHints":{"allow":["GET"]}}],"collection":[{"href":"https:\/\/gracilarias.org\/en\/wp-json\/wp\/v2\/pages"}],"about":[{"href":"https:\/\/gracilarias.org\/en\/wp-json\/wp\/v2\/types\/page"}],"author":[{"embeddable":true,"href":"https:\/\/gracilarias.org\/en\/wp-json\/wp\/v2\/users\/2"}],"replies":[{"embeddable":true,"href":"https:\/\/gracilarias.org\/en\/wp-json\/wp\/v2\/comments?post=26"}],"version-history":[{"count":5,"href":"https:\/\/gracilarias.org\/en\/wp-json\/wp\/v2\/pages\/26\/revisions"}],"predecessor-version":[{"id":1415,"href":"https:\/\/gracilarias.org\/en\/wp-json\/wp\/v2\/pages\/26\/revisions\/1415"}],"up":[{"embeddable":true,"href":"https:\/\/gracilarias.org\/en\/wp-json\/wp\/v2\/pages\/22"}],"wp:attachment":[{"href":"https:\/\/gracilarias.org\/en\/wp-json\/wp\/v2\/media?parent=26"}],"curies":[{"name":"wp","href":"https:\/\/api.w.org\/{rel}","templated":true}]}}